{"id":19,"date":"2020-04-13T09:54:38","date_gmt":"2020-04-13T09:54:38","guid":{"rendered":"https:\/\/demosites.io\/doctor\/?page_id=19"},"modified":"2025-08-26T23:17:27","modified_gmt":"2025-08-26T20:17:27","slug":"hakkimizda","status":"publish","type":"page","link":"https:\/\/www.ertugrulgaziogrenciyurdu.com\/en\/hakkimizda\/","title":{"rendered":"About Us"},"content":{"rendered":"<div data-elementor-type=\"wp-page\" data-elementor-id=\"19\" class=\"elementor elementor-19\" data-elementor-settings=\"[]\">\n\t\t\t\t\t\t<div class=\"elementor-inner\">\n\t\t\t\t\t\t\t<div class=\"elementor-section-wrap\">\n\t\t\t\t\t\t\t<section class=\"elementor-section elementor-top-section elementor-element elementor-element-e5fa584 elementor-section-boxed elementor-section-height-default elementor-section-height-default\" data-id=\"e5fa584\" data-element_type=\"section\" data-settings=\"{&quot;background_background&quot;:&quot;gradient&quot;}\">\n\t\t\t\t\t\t\t<div class=\"elementor-background-overlay\"><\/div>\n\t\t\t\t\t\t\t<div class=\"elementor-container elementor-column-gap-default\">\n\t\t\t\t\t\t\t<div class=\"elementor-row\">\n\t\t\t\t\t<div class=\"elementor-column elementor-col-100 elementor-top-column elementor-element elementor-element-11f8bbe\" data-id=\"11f8bbe\" data-element_type=\"column\">\n\t\t\t<div class=\"elementor-column-wrap elementor-element-populated\">\n\t\t\t\t\t\t\t<div class=\"elementor-widget-wrap\">\n\t\t\t\t\t\t<section class=\"elementor-section elementor-inner-section elementor-element elementor-element-79cc111 elementor-section-boxed elementor-section-height-default elementor-section-height-default\" data-id=\"79cc111\" data-element_type=\"section\">\n\t\t\t\t\t\t<div class=\"elementor-container elementor-column-gap-default\">\n\t\t\t\t\t\t\t<div class=\"elementor-row\">\n\t\t\t\t\t<div class=\"elementor-column elementor-col-100 elementor-inner-column elementor-element elementor-element-1c70bae\" data-id=\"1c70bae\" data-element_type=\"column\">\n\t\t\t<div class=\"elementor-column-wrap elementor-element-populated\">\n\t\t\t\t\t\t\t<div class=\"elementor-widget-wrap\">\n\t\t\t\t\t\t<div class=\"elementor-element elementor-element-413e684 elementor-widget elementor-widget-heading\" data-id=\"413e684\" data-element_type=\"widget\" data-widget_type=\"heading.default\">\n\t\t\t\t<div class=\"elementor-widget-container\">\n\t\t\t<h1 class=\"elementor-heading-title elementor-size-default\">About Us<\/h1>\t\t<\/div>\n\t\t\t\t<\/div>\n\t\t\t\t<div class=\"elementor-element elementor-element-bf95e1c elementor-widget elementor-widget-text-editor\" data-id=\"bf95e1c\" data-element_type=\"widget\" data-widget_type=\"text-editor.default\">\n\t\t\t\t<div class=\"elementor-widget-container\">\n\t\t\t\t\t<div class=\"elementor-text-editor elementor-clearfix\"><p>Ertu\u011frulgazi Male Dormitory<\/p><\/div>\n\t\t\t\t<\/div>\n\t\t\t\t<\/div>\n\t\t\t\t\t\t<\/div>\n\t\t\t\t\t<\/div>\n\t\t<\/div>\n\t\t\t\t\t\t\t\t<\/div>\n\t\t\t\t\t<\/div>\n\t\t<\/section>\n\t\t\t\t\t\t<\/div>\n\t\t\t\t\t<\/div>\n\t\t<\/div>\n\t\t\t\t\t\t\t\t<\/div>\n\t\t\t\t\t<\/div>\n\t\t<\/section>\n\t\t\t\t<section class=\"elementor-section elementor-top-section elementor-element elementor-element-0e45a3c elementor-section-boxed elementor-section-height-default elementor-section-height-default\" data-id=\"0e45a3c\" data-element_type=\"section\" data-settings=\"{&quot;background_background&quot;:&quot;classic&quot;}\">\n\t\t\t\t\t\t<div class=\"elementor-container elementor-column-gap-default\">\n\t\t\t\t\t\t\t<div class=\"elementor-row\">\n\t\t\t\t\t<div class=\"elementor-column elementor-col-100 elementor-top-column elementor-element elementor-element-34b6e41\" data-id=\"34b6e41\" data-element_type=\"column\">\n\t\t\t<div class=\"elementor-column-wrap elementor-element-populated\">\n\t\t\t\t\t\t\t<div class=\"elementor-widget-wrap\">\n\t\t\t\t\t\t<section class=\"elementor-section elementor-inner-section elementor-element elementor-element-2b76dc2 elementor-section-content-middle elementor-reverse-mobile elementor-section-boxed elementor-section-height-default elementor-section-height-default\" data-id=\"2b76dc2\" data-element_type=\"section\" data-settings=\"{&quot;background_background&quot;:&quot;classic&quot;}\">\n\t\t\t\t\t\t<div class=\"elementor-container elementor-column-gap-default\">\n\t\t\t\t\t\t\t<div class=\"elementor-row\">\n\t\t\t\t\t<div class=\"elementor-column elementor-col-50 elementor-inner-column elementor-element elementor-element-f7f8ddd\" data-id=\"f7f8ddd\" data-element_type=\"column\" data-settings=\"{&quot;background_background&quot;:&quot;classic&quot;}\">\n\t\t\t<div class=\"elementor-column-wrap elementor-element-populated\">\n\t\t\t\t\t\t\t<div class=\"elementor-widget-wrap\">\n\t\t\t\t\t\t<div class=\"elementor-element elementor-element-3b4cf0f elementor-widget elementor-widget-heading\" data-id=\"3b4cf0f\" data-element_type=\"widget\" data-widget_type=\"heading.default\">\n\t\t\t\t<div class=\"elementor-widget-container\">\n\t\t\t<h2 class=\"elementor-heading-title elementor-size-default\">Yerimiz &amp; Binam\u0131z<\/h2>\t\t<\/div>\n\t\t\t\t<\/div>\n\t\t\t\t<div class=\"elementor-element elementor-element-f0ed00f elementor-widget-divider--view-line elementor-widget elementor-widget-divider\" data-id=\"f0ed00f\" data-element_type=\"widget\" data-widget_type=\"divider.default\">\n\t\t\t\t<div class=\"elementor-widget-container\">\n\t\t\t\t\t<div class=\"elementor-divider\">\n\t\t\t<span class=\"elementor-divider-separator\">\n\t\t\t\t\t\t<\/span>\n\t\t<\/div>\n\t\t\t\t<\/div>\n\t\t\t\t<\/div>\n\t\t\t\t<div class=\"elementor-element elementor-element-c593761 elementor-widget elementor-widget-text-editor\" data-id=\"c593761\" data-element_type=\"widget\" data-widget_type=\"text-editor.default\">\n\t\t\t\t<div class=\"elementor-widget-container\">\n\t\t\t\t\t<div class=\"elementor-text-editor elementor-clearfix\"><p>\u0130zmir yolu \u00fczerinde, Uluda\u011f \u00dcniverstesi G\u00f6r\u00fckle Kamp\u00fcs\u00fc giri\u015finde, [Hyundai Bilim Otomotiv Arkas\u0131] Ertu\u011frulkent s\u0131n\u0131rlar\u0131 i\u00e7erisindedir.<\/p><p>Hay\u0131rsever halk\u0131m\u0131z\u0131n yard\u0131m\u0131yla 2700 m2 arsa \u00fczerinde, 2 blok halinde 800m2 , 8 katl\u0131 ve 200 \u00f6\u011frenci kapasiteli olarak yap\u0131lm\u0131\u015f ve yurdumuz Eyl\u00fcl 2009 da hizmete girmi\u015ft\u0131r.<\/p><p>\u00a0<\/p><\/div>\n\t\t\t\t<\/div>\n\t\t\t\t<\/div>\n\t\t\t\t\t\t<\/div>\n\t\t\t\t\t<\/div>\n\t\t<\/div>\n\t\t\t\t<div class=\"elementor-column elementor-col-50 elementor-inner-column elementor-element elementor-element-880a777\" data-id=\"880a777\" data-element_type=\"column\">\n\t\t\t<div class=\"elementor-column-wrap elementor-element-populated\">\n\t\t\t\t\t\t\t<div class=\"elementor-widget-wrap\">\n\t\t\t\t\t\t<div class=\"elementor-element elementor-element-89ac338 elementor-widget elementor-widget-image\" data-id=\"89ac338\" data-element_type=\"widget\" data-widget_type=\"image.default\">\n\t\t\t\t<div class=\"elementor-widget-container\">\n\t\t\t\t\t<div class=\"elementor-image\">\n\t\t\t\t\t\t\t\t\t\t<img width=\"1024\" height=\"576\" src=\"https:\/\/www.ertugrulgaziogrenciyurdu.com\/wp-content\/uploads\/2025\/08\/IMG-20250818-WA0012-1024x576.jpg\" class=\"attachment-large size-large\" alt=\"\" loading=\"lazy\" srcset=\"https:\/\/www.ertugrulgaziogrenciyurdu.com\/wp-content\/uploads\/2025\/08\/IMG-20250818-WA0012-1024x576.jpg 1024w, https:\/\/www.ertugrulgaziogrenciyurdu.com\/wp-content\/uploads\/2025\/08\/IMG-20250818-WA0012-300x169.jpg 300w, https:\/\/www.ertugrulgaziogrenciyurdu.com\/wp-content\/uploads\/2025\/08\/IMG-20250818-WA0012-768x432.jpg 768w, https:\/\/www.ertugrulgaziogrenciyurdu.com\/wp-content\/uploads\/2025\/08\/IMG-20250818-WA0012-1536x864.jpg 1536w, https:\/\/www.ertugrulgaziogrenciyurdu.com\/wp-content\/uploads\/2025\/08\/IMG-20250818-WA0012-16x9.jpg 16w, https:\/\/www.ertugrulgaziogrenciyurdu.com\/wp-content\/uploads\/2025\/08\/IMG-20250818-WA0012.jpg 1600w\" sizes=\"(max-width: 1024px) 100vw, 1024px\" \/>\t\t\t\t\t\t\t\t\t\t\t<\/div>\n\t\t\t\t<\/div>\n\t\t\t\t<\/div>\n\t\t\t\t\t\t<\/div>\n\t\t\t\t\t<\/div>\n\t\t<\/div>\n\t\t\t\t\t\t\t\t<\/div>\n\t\t\t\t\t<\/div>\n\t\t<\/section>\n\t\t\t\t<section class=\"elementor-section elementor-inner-section elementor-element elementor-element-cac30d9 elementor-section-content-middle elementor-section-boxed elementor-section-height-default elementor-section-height-default\" data-id=\"cac30d9\" data-element_type=\"section\">\n\t\t\t\t\t\t<div class=\"elementor-container elementor-column-gap-default\">\n\t\t\t\t\t\t\t<div class=\"elementor-row\">\n\t\t\t\t\t<div class=\"elementor-column elementor-col-50 elementor-inner-column elementor-element elementor-element-ee81455\" data-id=\"ee81455\" data-element_type=\"column\">\n\t\t\t<div class=\"elementor-column-wrap elementor-element-populated\">\n\t\t\t\t\t\t\t<div class=\"elementor-widget-wrap\">\n\t\t\t\t\t\t<div class=\"elementor-element elementor-element-43f0d4c elementor-widget elementor-widget-image\" data-id=\"43f0d4c\" data-element_type=\"widget\" data-widget_type=\"image.default\">\n\t\t\t\t<div class=\"elementor-widget-container\">\n\t\t\t\t\t<div class=\"elementor-image\">\n\t\t\t\t\t\t\t\t\t\t<img width=\"1024\" height=\"640\" src=\"https:\/\/www.ertugrulgaziogrenciyurdu.com\/wp-content\/uploads\/2020\/11\/2-1024x640.jpg\" class=\"attachment-large size-large\" alt=\"\" loading=\"lazy\" srcset=\"https:\/\/www.ertugrulgaziogrenciyurdu.com\/wp-content\/uploads\/2020\/11\/2-1024x640.jpg 1024w, https:\/\/www.ertugrulgaziogrenciyurdu.com\/wp-content\/uploads\/2020\/11\/2-300x188.jpg 300w, https:\/\/www.ertugrulgaziogrenciyurdu.com\/wp-content\/uploads\/2020\/11\/2-768x480.jpg 768w, https:\/\/www.ertugrulgaziogrenciyurdu.com\/wp-content\/uploads\/2020\/11\/2.jpg 1440w\" sizes=\"(max-width: 1024px) 100vw, 1024px\" \/>\t\t\t\t\t\t\t\t\t\t\t<\/div>\n\t\t\t\t<\/div>\n\t\t\t\t<\/div>\n\t\t\t\t\t\t<\/div>\n\t\t\t\t\t<\/div>\n\t\t<\/div>\n\t\t\t\t<div class=\"elementor-column elementor-col-50 elementor-inner-column elementor-element elementor-element-874a465\" data-id=\"874a465\" data-element_type=\"column\" data-settings=\"{&quot;background_background&quot;:&quot;classic&quot;}\">\n\t\t\t<div class=\"elementor-column-wrap elementor-element-populated\">\n\t\t\t\t\t\t\t<div class=\"elementor-widget-wrap\">\n\t\t\t\t\t\t<div class=\"elementor-element elementor-element-aca47f6 elementor-widget elementor-widget-heading\" data-id=\"aca47f6\" data-element_type=\"widget\" data-widget_type=\"heading.default\">\n\t\t\t\t<div class=\"elementor-widget-container\">\n\t\t\t<h2 class=\"elementor-heading-title elementor-size-default\">M\u0130SYONUMUZ<\/h2>\t\t<\/div>\n\t\t\t\t<\/div>\n\t\t\t\t<div class=\"elementor-element elementor-element-501aeec elementor-widget-divider--view-line elementor-widget elementor-widget-divider\" data-id=\"501aeec\" data-element_type=\"widget\" data-widget_type=\"divider.default\">\n\t\t\t\t<div class=\"elementor-widget-container\">\n\t\t\t\t\t<div class=\"elementor-divider\">\n\t\t\t<span class=\"elementor-divider-separator\">\n\t\t\t\t\t\t<\/span>\n\t\t<\/div>\n\t\t\t\t<\/div>\n\t\t\t\t<\/div>\n\t\t\t\t<div class=\"elementor-element elementor-element-ee74362 elementor-widget elementor-widget-text-editor\" data-id=\"ee74362\" data-element_type=\"widget\" data-widget_type=\"text-editor.default\">\n\t\t\t\t<div class=\"elementor-widget-container\">\n\t\t\t\t\t<div class=\"elementor-text-editor elementor-clearfix\"><p>As Ertu\u011frulgazi Student Dormitory, our mission is \u201cin accordance with the spirit of unity, solidarity and brotherhood; to raise generations that are integrated with national and spiritual values and equipped with the science of the century.<\/p><p>Bursa is a city to live with its developed industry and its unique nature that offers job and internship opportunities.<\/p><p>While we are trying to train our students with the plans, programs and social activities we set out on this path we set out with the aim of \"raising qualified youth\", on the other hand, we are trying to create a big family atmosphere with the understanding of brotherhood at our core.<\/p><p>Our greatest desire is to raise generations that complete their education in the best way, and who protect themselves and their nation on the other hand, while values are changing rapidly in time.<\/p><p>We are continuing our sincere efforts and services with the justified pride of being an institution that raises young people who will serve humanity like them in this city founded under the shadow of great plane trees by our grandfathers who have served humanity for centuries.<\/p><\/div>\n\t\t\t\t<\/div>\n\t\t\t\t<\/div>\n\t\t\t\t\t\t<\/div>\n\t\t\t\t\t<\/div>\n\t\t<\/div>\n\t\t\t\t\t\t\t\t<\/div>\n\t\t\t\t\t<\/div>\n\t\t<\/section>\n\t\t\t\t\t\t<\/div>\n\t\t\t\t\t<\/div>\n\t\t<\/div>\n\t\t\t\t\t\t\t\t<\/div>\n\t\t\t\t\t<\/div>\n\t\t<\/section>\n\t\t\t\t\t\t<\/div>\n\t\t\t\t\t\t<\/div>\n\t\t\t\t\t<\/div>","protected":false},"excerpt":{"rendered":"<p>Hakk\u0131m\u0131zda Ertu\u011frulgazi \u00d6\u011frenci Yurdu Yerimiz &amp; Binam\u0131z \u0130zmir yolu \u00fczerinde, Uluda\u011f \u00dcniverstesi G\u00f6r\u00fckle Kamp\u00fcs\u00fc giri\u015finde, [Hyundai Bilim Otomotiv Arkas\u0131] Ertu\u011frulkent s\u0131n\u0131rlar\u0131 i\u00e7erisindedir. Hay\u0131rsever halk\u0131m\u0131z\u0131n yard\u0131m\u0131yla 2700 m2 arsa \u00fczerinde, 2 blok halinde 800m2 , 8 katl\u0131 ve 200 \u00f6\u011frenci kapasiteli olarak yap\u0131lm\u0131\u015f ve yurdumuz Eyl\u00fcl 2009 da hizmete girmi\u015ft\u0131r. \u00a0 M\u0130SYONUMUZ Ertu\u011frulgazi \u00d6\u011frenci Yurdu olarak&hellip;&nbsp;<a href=\"https:\/\/www.ertugrulgaziogrenciyurdu.com\/en\/hakkimizda\/\" class=\"\" rel=\"bookmark\">Read More &raquo;<span class=\"screen-reader-text\">About Us<\/span><\/a><\/p>","protected":false},"author":1,"featured_media":0,"parent":0,"menu_order":0,"comment_status":"closed","ping_status":"closed","template":"page-templates\/template-pagebuilder-full-width.php","meta":{"neve_meta_sidebar":"full-width","neve_meta_container":"","neve_meta_enable_content_width":"on","neve_meta_content_width":100,"neve_meta_title_alignment":"","neve_meta_author_avatar":"","neve_post_elements_order":"","neve_meta_disable_header":"","neve_meta_disable_footer":"","neve_meta_disable_title":""},"_links":{"self":[{"href":"https:\/\/www.ertugrulgaziogrenciyurdu.com\/en\/wp-json\/wp\/v2\/pages\/19"}],"collection":[{"href":"https:\/\/www.ertugrulgaziogrenciyurdu.com\/en\/wp-json\/wp\/v2\/pages"}],"about":[{"href":"https:\/\/www.ertugrulgaziogrenciyurdu.com\/en\/wp-json\/wp\/v2\/types\/page"}],"author":[{"embeddable":true,"href":"https:\/\/www.ertugrulgaziogrenciyurdu.com\/en\/wp-json\/wp\/v2\/users\/1"}],"replies":[{"embeddable":true,"href":"https:\/\/www.ertugrulgaziogrenciyurdu.com\/en\/wp-json\/wp\/v2\/comments?post=19"}],"version-history":[{"count":6,"href":"https:\/\/www.ertugrulgaziogrenciyurdu.com\/en\/wp-json\/wp\/v2\/pages\/19\/revisions"}],"predecessor-version":[{"id":188,"href":"https:\/\/www.ertugrulgaziogrenciyurdu.com\/en\/wp-json\/wp\/v2\/pages\/19\/revisions\/188"}],"wp:attachment":[{"href":"https:\/\/www.ertugrulgaziogrenciyurdu.com\/en\/wp-json\/wp\/v2\/media?parent=19"}],"curies":[{"name":"wp","href":"https:\/\/api.w.org\/{rel}","templated":true}]}}